{"id":101,"date":"2019-08-02T17:35:44","date_gmt":"2019-08-02T17:35:44","guid":{"rendered":"http:\/\/www.prevodovky-motory.cz\/?post_type=product&#038;p=101"},"modified":"2019-08-02T18:25:05","modified_gmt":"2019-08-02T18:25:05","slug":"volkswagen-transporter-t5-19-tdi","status":"publish","type":"product","link":"https:\/\/www.prevodovky-motory.cz\/?product=volkswagen-transporter-t5-19-tdi","title":{"rendered":"Volkswagen Transporter T5 1,9 TDI"},"content":{"rendered":"<p>P\u0159evodovka VW T5 1,9 TDI\u00a0kody p\u0159evodovek: JCD, JCC, JQQ, JQR, JQT, GTV, GTY, JCR, FJK, FJL, FJJ, HCY, HCW, HCX, HDC<br \/>\nprodej formou v\u00fdm\u011bny<br \/>\nZ\u00e1ruka 12 m\u011bs\u00edc\u016f<\/p>\n","protected":false},"excerpt":{"rendered":"<p>P\u0159evodovka VW T5 1,9 TDI\u00a0kody p\u0159evodovek: JCD, JCC, JQQ, JQR, JQT, GTV, GTY, JCR, FJK, FJL, FJJ, HCY, HCW, HCX, HDC prodej formou v\u00fdm\u011bny Z\u00e1ruka 12 m\u011bs\u00edc\u016f<\/p>\n","protected":false},"featured_media":102,"template":"","meta":{"spay_email":""},"_links":{"self":[{"href":"https:\/\/www.prevodovky-motory.cz\/index.php?rest_route=\/wp\/v2\/product\/101"}],"collection":[{"href":"https:\/\/www.prevodovky-motory.cz\/index.php?rest_route=\/wp\/v2\/product"}],"about":[{"href":"https:\/\/www.prevodovky-motory.cz\/index.php?rest_route=\/wp\/v2\/types\/product"}],"wp:featuredmedia":[{"embeddable":true,"href":"https:\/\/www.prevodovky-motory.cz\/index.php?rest_route=\/wp\/v2\/media\/102"}],"wp:attachment":[{"href":"https:\/\/www.prevodovky-motory.cz\/index.php?rest_route=%2Fwp%2Fv2%2Fmedia&parent=101"}],"curies":[{"name":"wp","href":"https:\/\/api.w.org\/{rel}","templated":true}]}}