{"id":103,"date":"2019-08-02T17:40:48","date_gmt":"2019-08-02T17:40:48","guid":{"rendered":"http:\/\/www.prevodovky-motory.cz\/?post_type=product&#038;p=103"},"modified":"2020-11-19T02:12:21","modified_gmt":"2020-11-19T02:12:21","slug":"toyota-rav4-2-2-d4d-4x4","status":"publish","type":"product","link":"https:\/\/www.prevodovky-motory.cz\/?product=toyota-rav4-2-2-d4d-4x4","title":{"rendered":"TOYOTA RAV4 2.2 D4D 4X4"},"content":{"rendered":"<p>Repas p\u0159evodovka TOYOTA RAV4 2.2 D4D 4X4 6 Rychltostn\u00ed<br \/>\nprodej formou v\u00fdm\u011bny<br \/>\nz\u00e1ruka 12 m\u011bs\u00edcu<\/p>\n","protected":false},"excerpt":{"rendered":"<p>Repas p\u0159evodovka TOYOTA RAV4 2.2 D4D 4X4 6 Rychltostn\u00ed prodej formou v\u00fdm\u011bny z\u00e1ruka 12 m\u011bs\u00edcu<\/p>\n","protected":false},"featured_media":104,"template":"","meta":{"spay_email":""},"_links":{"self":[{"href":"https:\/\/www.prevodovky-motory.cz\/index.php?rest_route=\/wp\/v2\/product\/103"}],"collection":[{"href":"https:\/\/www.prevodovky-motory.cz\/index.php?rest_route=\/wp\/v2\/product"}],"about":[{"href":"https:\/\/www.prevodovky-motory.cz\/index.php?rest_route=\/wp\/v2\/types\/product"}],"wp:featuredmedia":[{"embeddable":true,"href":"https:\/\/www.prevodovky-motory.cz\/index.php?rest_route=\/wp\/v2\/media\/104"}],"wp:attachment":[{"href":"https:\/\/www.prevodovky-motory.cz\/index.php?rest_route=%2Fwp%2Fv2%2Fmedia&parent=103"}],"curies":[{"name":"wp","href":"https:\/\/api.w.org\/{rel}","templated":true}]}}