{"id":105,"date":"2019-08-02T17:42:43","date_gmt":"2019-08-02T17:42:43","guid":{"rendered":"http:\/\/www.prevodovky-motory.cz\/?post_type=product&#038;p=105"},"modified":"2021-01-30T14:51:57","modified_gmt":"2021-01-30T14:51:57","slug":"105","status":"publish","type":"product","link":"https:\/\/www.prevodovky-motory.cz\/?product=105","title":{"rendered":"Outlander"},"content":{"rendered":"<p>Mitsubishi Outlander 2.0 DID 4&#215;4 6 rychlostn\u00ed<br \/>\nJeep Compass 2.0 CRD 4&#215;4 6 rychlostn\u00ed<br \/>\njeep Patriot 2.0 CRD 4&#215;4 6 rychlostn\u00ed<br \/>\nProdej formou v\u00fdm\u011bny<br \/>\nZ\u00e1ruka 12 m\u011bs\u00edc\u016f<\/p>\n","protected":false},"excerpt":{"rendered":"<p>Mitsubishi Outlander 2.0 DID 4&#215;4 6 rychlostn\u00ed Jeep Compass 2.0 CRD 4&#215;4 6 rychlostn\u00ed jeep Patriot 2.0 CRD 4&#215;4 6 rychlostn\u00ed Prodej formou v\u00fdm\u011bny Z\u00e1ruka 12 m\u011bs\u00edc\u016f<\/p>\n","protected":false},"featured_media":0,"template":"","meta":{"spay_email":""},"_links":{"self":[{"href":"https:\/\/www.prevodovky-motory.cz\/index.php?rest_route=\/wp\/v2\/product\/105"}],"collection":[{"href":"https:\/\/www.prevodovky-motory.cz\/index.php?rest_route=\/wp\/v2\/product"}],"about":[{"href":"https:\/\/www.prevodovky-motory.cz\/index.php?rest_route=\/wp\/v2\/types\/product"}],"wp:attachment":[{"href":"https:\/\/www.prevodovky-motory.cz\/index.php?rest_route=%2Fwp%2Fv2%2Fmedia&parent=105"}],"curies":[{"name":"wp","href":"https:\/\/api.w.org\/{rel}","templated":true}]}}