{"id":106,"date":"2019-08-02T17:46:08","date_gmt":"2019-08-02T17:46:08","guid":{"rendered":"http:\/\/www.prevodovky-motory.cz\/?post_type=product&#038;p=106"},"modified":"2019-08-02T17:46:08","modified_gmt":"2019-08-02T17:46:08","slug":"volkswagen","status":"publish","type":"product","link":"https:\/\/www.prevodovky-motory.cz\/?product=volkswagen","title":{"rendered":"Volkswagen"},"content":{"rendered":"<p>VOLKSWAGEN EOS 1.2, 1.4 TSI 6 rychlostn\u00ed<br \/>\nVOLKSWAGEN GOLF 1.2, 1.4 TSI 6 rychlostn\u00ed<br \/>\nVOLKSWAGEN PASSAT 1.2, 1.4 TSI 6 rychlostn\u00ed<br \/>\nVOLKSWAGEN TIGUAN 1.2, 1.4 TSI 6 rychlostn\u00ed<br \/>\nVOLKSWAGEN TOURAN 1.2, 1.4 TSI 6 rychlostn\u00ed<br \/>\nKody p\u0159evodovek: LHY, NBW, NBX, LXM, LHB, LZV, JBS, LHB, NBX, LXM, KRG, LNE, JPG, KVV, JXP, LHX<br \/>\nProdej formou v\u00fdm\u011bny<br \/>\nZ\u00e1ruka 12 m\u011bs\u00edc\u016f<\/p>\n","protected":false},"excerpt":{"rendered":"<p>VOLKSWAGEN EOS 1.2, 1.4 TSI 6 rychlostn\u00ed VOLKSWAGEN GOLF 1.2, 1.4 TSI 6 rychlostn\u00ed VOLKSWAGEN PASSAT 1.2, 1.4 TSI 6 rychlostn\u00ed VOLKSWAGEN TIGUAN 1.2, 1.4 TSI 6 rychlostn\u00ed VOLKSWAGEN TOURAN 1.2, 1.4 TSI 6 rychlostn\u00ed Kody p\u0159evodovek: LHY, NBW, NBX, LXM, LHB, LZV, JBS, LHB, NBX, LXM, KRG, LNE, JPG, KVV, JXP, LHX Prodej formou<\/p>\n","protected":false},"featured_media":107,"template":"","meta":{"spay_email":""},"_links":{"self":[{"href":"https:\/\/www.prevodovky-motory.cz\/index.php?rest_route=\/wp\/v2\/product\/106"}],"collection":[{"href":"https:\/\/www.prevodovky-motory.cz\/index.php?rest_route=\/wp\/v2\/product"}],"about":[{"href":"https:\/\/www.prevodovky-motory.cz\/index.php?rest_route=\/wp\/v2\/types\/product"}],"wp:featuredmedia":[{"embeddable":true,"href":"https:\/\/www.prevodovky-motory.cz\/index.php?rest_route=\/wp\/v2\/media\/107"}],"wp:attachment":[{"href":"https:\/\/www.prevodovky-motory.cz\/index.php?rest_route=%2Fwp%2Fv2%2Fmedia&parent=106"}],"curies":[{"name":"wp","href":"https:\/\/api.w.org\/{rel}","templated":true}]}}