{"id":108,"date":"2019-08-02T17:48:00","date_gmt":"2019-08-02T17:48:00","guid":{"rendered":"http:\/\/www.prevodovky-motory.cz\/?post_type=product&#038;p=108"},"modified":"2019-08-02T17:48:23","modified_gmt":"2019-08-02T17:48:23","slug":"golf-1-9-tdi-6-rychlostni","status":"publish","type":"product","link":"https:\/\/www.prevodovky-motory.cz\/?product=golf-1-9-tdi-6-rychlostni","title":{"rendered":"GOLF 1.9 TDI 6 rychlostn\u00ed"},"content":{"rendered":"<p>Kody p\u0159evodovek: GQM, JCL, JWN, JWP, JYJ, FWZ, HJP, JLS<br \/>\nProdej formou v\u00fdm\u011bny<br \/>\nZ\u00e1ruka 12 m\u011bs\u00edc\u016f<\/p>\n","protected":false},"excerpt":{"rendered":"<p>Kody p\u0159evodovek: GQM, JCL, JWN, JWP, JYJ, FWZ, HJP, JLS Prodej formou v\u00fdm\u011bny Z\u00e1ruka 12 m\u011bs\u00edc\u016f<\/p>\n","protected":false},"featured_media":109,"template":"","meta":{"spay_email":""},"_links":{"self":[{"href":"https:\/\/www.prevodovky-motory.cz\/index.php?rest_route=\/wp\/v2\/product\/108"}],"collection":[{"href":"https:\/\/www.prevodovky-motory.cz\/index.php?rest_route=\/wp\/v2\/product"}],"about":[{"href":"https:\/\/www.prevodovky-motory.cz\/index.php?rest_route=\/wp\/v2\/types\/product"}],"wp:featuredmedia":[{"embeddable":true,"href":"https:\/\/www.prevodovky-motory.cz\/index.php?rest_route=\/wp\/v2\/media\/109"}],"wp:attachment":[{"href":"https:\/\/www.prevodovky-motory.cz\/index.php?rest_route=%2Fwp%2Fv2%2Fmedia&parent=108"}],"curies":[{"name":"wp","href":"https:\/\/api.w.org\/{rel}","templated":true}]}}