{"id":110,"date":"2019-08-02T17:50:14","date_gmt":"2019-08-02T17:50:14","guid":{"rendered":"http:\/\/www.prevodovky-motory.cz\/?post_type=product&#038;p=110"},"modified":"2019-08-02T17:51:43","modified_gmt":"2019-08-02T17:51:43","slug":"suzuki-swift","status":"publish","type":"product","link":"https:\/\/www.prevodovky-motory.cz\/?product=suzuki-swift","title":{"rendered":"Suzuki Swift"},"content":{"rendered":"<p>SUZUKI SWIFT 1.3 5 rychlostn\u00ed<br \/>\nSUZUKI BALENO 1.3 5 rychlostn\u00ed<br \/>\nprodej formou v\u00fdm\u011bny<br \/>\nZ\u00e1ruka 12 m\u011bs\u00edc\u016f<\/p>\n","protected":false},"excerpt":{"rendered":"<p>SUZUKI SWIFT 1.3 5 rychlostn\u00ed SUZUKI BALENO 1.3 5 rychlostn\u00ed prodej formou v\u00fdm\u011bny Z\u00e1ruka 12 m\u011bs\u00edc\u016f<\/p>\n","protected":false},"featured_media":111,"template":"","meta":{"spay_email":""},"_links":{"self":[{"href":"https:\/\/www.prevodovky-motory.cz\/index.php?rest_route=\/wp\/v2\/product\/110"}],"collection":[{"href":"https:\/\/www.prevodovky-motory.cz\/index.php?rest_route=\/wp\/v2\/product"}],"about":[{"href":"https:\/\/www.prevodovky-motory.cz\/index.php?rest_route=\/wp\/v2\/types\/product"}],"wp:featuredmedia":[{"embeddable":true,"href":"https:\/\/www.prevodovky-motory.cz\/index.php?rest_route=\/wp\/v2\/media\/111"}],"wp:attachment":[{"href":"https:\/\/www.prevodovky-motory.cz\/index.php?rest_route=%2Fwp%2Fv2%2Fmedia&parent=110"}],"curies":[{"name":"wp","href":"https:\/\/api.w.org\/{rel}","templated":true}]}}