{"id":112,"date":"2019-08-02T17:54:50","date_gmt":"2019-08-02T17:54:50","guid":{"rendered":"http:\/\/www.prevodovky-motory.cz\/?post_type=product&#038;p=112"},"modified":"2019-08-02T17:54:50","modified_gmt":"2019-08-02T17:54:50","slug":"opel","status":"publish","type":"product","link":"https:\/\/www.prevodovky-motory.cz\/?product=opel","title":{"rendered":"Opel"},"content":{"rendered":"<p>OPEL ASTRA 1.7, 1.9<br \/>\nOPEL ZAFIRA 1.7, 1.9<br \/>\nKod p\u0159evodovky: M32<br \/>\nProdej formou v\u00fdm\u011bny<br \/>\nZ\u00e1ruka 12 m\u011bs\u00edc\u016f<\/p>\n","protected":false},"excerpt":{"rendered":"<p>OPEL ASTRA 1.7, 1.9 OPEL ZAFIRA 1.7, 1.9 Kod p\u0159evodovky: M32 Prodej formou v\u00fdm\u011bny Z\u00e1ruka 12 m\u011bs\u00edc\u016f<\/p>\n","protected":false},"featured_media":113,"template":"","meta":{"spay_email":""},"_links":{"self":[{"href":"https:\/\/www.prevodovky-motory.cz\/index.php?rest_route=\/wp\/v2\/product\/112"}],"collection":[{"href":"https:\/\/www.prevodovky-motory.cz\/index.php?rest_route=\/wp\/v2\/product"}],"about":[{"href":"https:\/\/www.prevodovky-motory.cz\/index.php?rest_route=\/wp\/v2\/types\/product"}],"wp:featuredmedia":[{"embeddable":true,"href":"https:\/\/www.prevodovky-motory.cz\/index.php?rest_route=\/wp\/v2\/media\/113"}],"wp:attachment":[{"href":"https:\/\/www.prevodovky-motory.cz\/index.php?rest_route=%2Fwp%2Fv2%2Fmedia&parent=112"}],"curies":[{"name":"wp","href":"https:\/\/api.w.org\/{rel}","templated":true}]}}