{"id":114,"date":"2019-08-02T17:58:19","date_gmt":"2019-08-02T17:58:19","guid":{"rendered":"http:\/\/www.prevodovky-motory.cz\/?post_type=product&#038;p=114"},"modified":"2019-08-02T17:58:19","modified_gmt":"2019-08-02T17:58:19","slug":"iveco","status":"publish","type":"product","link":"https:\/\/www.prevodovky-motory.cz\/?product=iveco","title":{"rendered":"IVECO"},"content":{"rendered":"<p>IVECO DAILY 2.3 HPI 5-6 rychlostn\u00ed<br \/>\nProdej formou v\u00fdm\u011bny<br \/>\nZ\u00e1ruka 12 m\u011bs\u00edc\u016f<\/p>\n","protected":false},"excerpt":{"rendered":"<p>IVECO DAILY 2.3 HPI 5-6 rychlostn\u00ed Prodej formou v\u00fdm\u011bny Z\u00e1ruka 12 m\u011bs\u00edc\u016f<\/p>\n","protected":false},"featured_media":115,"template":"","meta":{"spay_email":""},"_links":{"self":[{"href":"https:\/\/www.prevodovky-motory.cz\/index.php?rest_route=\/wp\/v2\/product\/114"}],"collection":[{"href":"https:\/\/www.prevodovky-motory.cz\/index.php?rest_route=\/wp\/v2\/product"}],"about":[{"href":"https:\/\/www.prevodovky-motory.cz\/index.php?rest_route=\/wp\/v2\/types\/product"}],"wp:featuredmedia":[{"embeddable":true,"href":"https:\/\/www.prevodovky-motory.cz\/index.php?rest_route=\/wp\/v2\/media\/115"}],"wp:attachment":[{"href":"https:\/\/www.prevodovky-motory.cz\/index.php?rest_route=%2Fwp%2Fv2%2Fmedia&parent=114"}],"curies":[{"name":"wp","href":"https:\/\/api.w.org\/{rel}","templated":true}]}}