{"id":116,"date":"2019-08-02T18:04:19","date_gmt":"2019-08-02T18:04:19","guid":{"rendered":"http:\/\/www.prevodovky-motory.cz\/?post_type=product&#038;p=116"},"modified":"2019-08-02T18:04:19","modified_gmt":"2019-08-02T18:04:19","slug":"citroen-c-crosser-2-2-hdi","status":"publish","type":"product","link":"https:\/\/www.prevodovky-motory.cz\/?product=citroen-c-crosser-2-2-hdi","title":{"rendered":"CITROEN C-CROSSER 2.2 HDI"},"content":{"rendered":"<p>CITROEN C-CROSSER 2.2 HDI<br \/>\nPEUGEOT 4007 2.2 HDI<br \/>\nProdej mo\u017en\u00fd formou v\u00fdm\u011bny<br \/>\nZ\u00e1ruka 12 m\u011bs\u00edcu<\/p>\n","protected":false},"excerpt":{"rendered":"<p>CITROEN C-CROSSER 2.2 HDI PEUGEOT 4007 2.2 HDI Prodej mo\u017en\u00fd formou v\u00fdm\u011bny Z\u00e1ruka 12 m\u011bs\u00edcu<\/p>\n","protected":false},"featured_media":117,"template":"","meta":{"spay_email":""},"_links":{"self":[{"href":"https:\/\/www.prevodovky-motory.cz\/index.php?rest_route=\/wp\/v2\/product\/116"}],"collection":[{"href":"https:\/\/www.prevodovky-motory.cz\/index.php?rest_route=\/wp\/v2\/product"}],"about":[{"href":"https:\/\/www.prevodovky-motory.cz\/index.php?rest_route=\/wp\/v2\/types\/product"}],"wp:featuredmedia":[{"embeddable":true,"href":"https:\/\/www.prevodovky-motory.cz\/index.php?rest_route=\/wp\/v2\/media\/117"}],"wp:attachment":[{"href":"https:\/\/www.prevodovky-motory.cz\/index.php?rest_route=%2Fwp%2Fv2%2Fmedia&parent=116"}],"curies":[{"name":"wp","href":"https:\/\/api.w.org\/{rel}","templated":true}]}}