{"id":121,"date":"2019-08-02T20:11:43","date_gmt":"2019-08-02T20:11:43","guid":{"rendered":"http:\/\/www.prevodovky-motory.cz\/?post_type=product&#038;p=121"},"modified":"2019-08-02T20:11:43","modified_gmt":"2019-08-02T20:11:43","slug":"bmw","status":"publish","type":"product","link":"https:\/\/www.prevodovky-motory.cz\/?product=bmw","title":{"rendered":"BMW"},"content":{"rendered":"<p>Kompletn\u00ed motor N57D30B, ve v\u00fdborn\u00e9m stavu. Motor m\u00e1 najeto necel\u00fdch 35tis. Rok 2016, 230kW, Je mo\u017eno prodat i hol\u00fd motor.<br \/>\nBMW F01 F13 F15 X5 F16 X6<br \/>\nV\u0161e je na domluv\u011b.<\/p>\n","protected":false},"excerpt":{"rendered":"<p>Kompletn\u00ed motor N57D30B, ve v\u00fdborn\u00e9m stavu. Motor m\u00e1 najeto necel\u00fdch 35tis. Rok 2016, 230kW, Je mo\u017eno prodat i hol\u00fd motor. BMW F01 F13 F15 X5 F16 X6 V\u0161e je na domluv\u011b.<\/p>\n","protected":false},"featured_media":122,"template":"","meta":{"spay_email":""},"_links":{"self":[{"href":"https:\/\/www.prevodovky-motory.cz\/index.php?rest_route=\/wp\/v2\/product\/121"}],"collection":[{"href":"https:\/\/www.prevodovky-motory.cz\/index.php?rest_route=\/wp\/v2\/product"}],"about":[{"href":"https:\/\/www.prevodovky-motory.cz\/index.php?rest_route=\/wp\/v2\/types\/product"}],"wp:featuredmedia":[{"embeddable":true,"href":"https:\/\/www.prevodovky-motory.cz\/index.php?rest_route=\/wp\/v2\/media\/122"}],"wp:attachment":[{"href":"https:\/\/www.prevodovky-motory.cz\/index.php?rest_route=%2Fwp%2Fv2%2Fmedia&parent=121"}],"curies":[{"name":"wp","href":"https:\/\/api.w.org\/{rel}","templated":true}]}}