{"id":125,"date":"2019-08-02T20:25:48","date_gmt":"2019-08-02T20:25:48","guid":{"rendered":"http:\/\/www.prevodovky-motory.cz\/?post_type=product&#038;p=125"},"modified":"2019-08-02T20:25:49","modified_gmt":"2019-08-02T20:25:49","slug":"volkswagen-2","status":"publish","type":"product","link":"https:\/\/www.prevodovky-motory.cz\/?product=volkswagen-2","title":{"rendered":"Volkswagen"},"content":{"rendered":"<p>VOLKSWAGEN TRANSPORTER T5 2.5 TDI 6 rychlostn\u00ed<br \/>\nKody p\u0159evodovek: GWB, JFS, JFT, HRU,<br \/>\nprodej mo\u017en\u00fd formou v\u00fdm\u011bny<br \/>\nZ\u00e1ruka 12 m\u011bs\u00edcu<\/p>\n","protected":false},"excerpt":{"rendered":"<p>VOLKSWAGEN TRANSPORTER T5 2.5 TDI 6 rychlostn\u00ed Kody p\u0159evodovek: GWB, JFS, JFT, HRU, prodej mo\u017en\u00fd formou v\u00fdm\u011bny Z\u00e1ruka 12 m\u011bs\u00edcu<\/p>\n","protected":false},"featured_media":0,"template":"","meta":{"spay_email":""},"_links":{"self":[{"href":"https:\/\/www.prevodovky-motory.cz\/index.php?rest_route=\/wp\/v2\/product\/125"}],"collection":[{"href":"https:\/\/www.prevodovky-motory.cz\/index.php?rest_route=\/wp\/v2\/product"}],"about":[{"href":"https:\/\/www.prevodovky-motory.cz\/index.php?rest_route=\/wp\/v2\/types\/product"}],"wp:attachment":[{"href":"https:\/\/www.prevodovky-motory.cz\/index.php?rest_route=%2Fwp%2Fv2%2Fmedia&parent=125"}],"curies":[{"name":"wp","href":"https:\/\/api.w.org\/{rel}","templated":true}]}}