{"id":126,"date":"2019-08-02T20:26:48","date_gmt":"2019-08-02T20:26:48","guid":{"rendered":"http:\/\/www.prevodovky-motory.cz\/?post_type=product&#038;p=126"},"modified":"2019-08-02T20:26:48","modified_gmt":"2019-08-02T20:26:48","slug":"volkswagen-3","status":"publish","type":"product","link":"https:\/\/www.prevodovky-motory.cz\/?product=volkswagen-3","title":{"rendered":"Volkswagen"},"content":{"rendered":"<p>VOLKSWAGEN TRANSPORTER T5, T6 2,0 TDI LRS 5 rychlostn\u00ed<br \/>\n62kW, 75kW, 84kW<br \/>\nkody: LRS, JQU, MAG, MQR, MQT<br \/>\nProdej mo\u017en\u00fd formou v\u00fdm\u011bny<br \/>\nZ\u00e1ruka 12 m\u011bs\u00edcu<\/p>\n","protected":false},"excerpt":{"rendered":"<p>VOLKSWAGEN TRANSPORTER T5, T6 2,0 TDI LRS 5 rychlostn\u00ed 62kW, 75kW, 84kW kody: LRS, JQU, MAG, MQR, MQT Prodej mo\u017en\u00fd formou v\u00fdm\u011bny Z\u00e1ruka 12 m\u011bs\u00edcu<\/p>\n","protected":false},"featured_media":0,"template":"","meta":{"spay_email":""},"_links":{"self":[{"href":"https:\/\/www.prevodovky-motory.cz\/index.php?rest_route=\/wp\/v2\/product\/126"}],"collection":[{"href":"https:\/\/www.prevodovky-motory.cz\/index.php?rest_route=\/wp\/v2\/product"}],"about":[{"href":"https:\/\/www.prevodovky-motory.cz\/index.php?rest_route=\/wp\/v2\/types\/product"}],"wp:attachment":[{"href":"https:\/\/www.prevodovky-motory.cz\/index.php?rest_route=%2Fwp%2Fv2%2Fmedia&parent=126"}],"curies":[{"name":"wp","href":"https:\/\/api.w.org\/{rel}","templated":true}]}}