{"id":128,"date":"2019-08-02T20:33:05","date_gmt":"2019-08-02T20:33:05","guid":{"rendered":"http:\/\/www.prevodovky-motory.cz\/?post_type=product&#038;p=128"},"modified":"2019-08-02T20:33:05","modified_gmt":"2019-08-02T20:33:05","slug":"vw-transporter","status":"publish","type":"product","link":"https:\/\/www.prevodovky-motory.cz\/?product=vw-transporter","title":{"rendered":"VW TRANSPORTER"},"content":{"rendered":"<p>VW TRANSPORTER T5 2,0 TDI 6 rychlostn\u00ed<br \/>\n1O0kW, 103kW, 132kW<br \/>\nKody p\u0159evodovek: KUP, MKB, MKA, KQK<br \/>\nProdej mo\u017en\u00fd formou v\u00fdm\u011bny<br \/>\nZ\u00e1ruka 12 m\u011bs\u00edc\u016f<\/p>\n","protected":false},"excerpt":{"rendered":"<p>VW TRANSPORTER T5 2,0 TDI 6 rychlostn\u00ed 1O0kW, 103kW, 132kW Kody p\u0159evodovek: KUP, MKB, MKA, KQK Prodej mo\u017en\u00fd formou v\u00fdm\u011bny Z\u00e1ruka 12 m\u011bs\u00edc\u016f<\/p>\n","protected":false},"featured_media":129,"template":"","meta":{"spay_email":""},"_links":{"self":[{"href":"https:\/\/www.prevodovky-motory.cz\/index.php?rest_route=\/wp\/v2\/product\/128"}],"collection":[{"href":"https:\/\/www.prevodovky-motory.cz\/index.php?rest_route=\/wp\/v2\/product"}],"about":[{"href":"https:\/\/www.prevodovky-motory.cz\/index.php?rest_route=\/wp\/v2\/types\/product"}],"wp:featuredmedia":[{"embeddable":true,"href":"https:\/\/www.prevodovky-motory.cz\/index.php?rest_route=\/wp\/v2\/media\/129"}],"wp:attachment":[{"href":"https:\/\/www.prevodovky-motory.cz\/index.php?rest_route=%2Fwp%2Fv2%2Fmedia&parent=128"}],"curies":[{"name":"wp","href":"https:\/\/api.w.org\/{rel}","templated":true}]}}