{"id":131,"date":"2019-08-02T20:39:30","date_gmt":"2019-08-02T20:39:30","guid":{"rendered":"http:\/\/www.prevodovky-motory.cz\/?post_type=product&#038;p=131"},"modified":"2021-01-30T14:03:05","modified_gmt":"2021-01-30T14:03:05","slug":"bmw-2","status":"publish","type":"product","link":"https:\/\/www.prevodovky-motory.cz\/?product=bmw-2","title":{"rendered":"BMW-Motor"},"content":{"rendered":"<p>Kompletn\u00ed motor N57D30A, ve v\u00fdborn\u00e9m stavu. Motor m\u00e1 najeto necel\u00fdch 39tis. Rok 2016, Je mo\u017eno prodat i hol\u00fd motor.<br \/>\nBMW F10 F11 F30 F31 F32 F33 F25 X3 3.0D<br \/>\nV\u0161e je na domluv\u011b.<\/p>\n","protected":false},"excerpt":{"rendered":"<p>Kompletn\u00ed motor N57D30A, ve v\u00fdborn\u00e9m stavu. Motor m\u00e1 najeto necel\u00fdch 39tis. Rok 2016, Je mo\u017eno prodat i hol\u00fd motor. BMW F10 F11 F30 F31 F32 F33 F25 X3 3.0D V\u0161e je na domluv\u011b.<\/p>\n","protected":false},"featured_media":132,"template":"","meta":{"spay_email":""},"_links":{"self":[{"href":"https:\/\/www.prevodovky-motory.cz\/index.php?rest_route=\/wp\/v2\/product\/131"}],"collection":[{"href":"https:\/\/www.prevodovky-motory.cz\/index.php?rest_route=\/wp\/v2\/product"}],"about":[{"href":"https:\/\/www.prevodovky-motory.cz\/index.php?rest_route=\/wp\/v2\/types\/product"}],"wp:featuredmedia":[{"embeddable":true,"href":"https:\/\/www.prevodovky-motory.cz\/index.php?rest_route=\/wp\/v2\/media\/132"}],"wp:attachment":[{"href":"https:\/\/www.prevodovky-motory.cz\/index.php?rest_route=%2Fwp%2Fv2%2Fmedia&parent=131"}],"curies":[{"name":"wp","href":"https:\/\/api.w.org\/{rel}","templated":true}]}}