{"id":135,"date":"2019-08-02T20:46:55","date_gmt":"2019-08-02T20:46:55","guid":{"rendered":"http:\/\/www.prevodovky-motory.cz\/?post_type=product&#038;p=135"},"modified":"2019-08-02T20:46:55","modified_gmt":"2019-08-02T20:46:55","slug":"kompletni-motor-vw","status":"publish","type":"product","link":"https:\/\/www.prevodovky-motory.cz\/?product=kompletni-motor-vw","title":{"rendered":"Kompletn\u00ed motor VW"},"content":{"rendered":"<p>Kompletn\u00ed motor AXD, v dobr\u00e9m stavu. Motor m\u00e1 Najeto necel\u00fdch 135 tis. Je mo\u017eno prodat i hol\u00fd motor.<br \/>\nv\u0161e je na domluv\u011b<\/p>\n","protected":false},"excerpt":{"rendered":"<p>Kompletn\u00ed motor AXD, v dobr\u00e9m stavu. Motor m\u00e1 Najeto necel\u00fdch 135 tis. Je mo\u017eno prodat i hol\u00fd motor. v\u0161e je na domluv\u011b<\/p>\n","protected":false},"featured_media":136,"template":"","meta":{"spay_email":""},"_links":{"self":[{"href":"https:\/\/www.prevodovky-motory.cz\/index.php?rest_route=\/wp\/v2\/product\/135"}],"collection":[{"href":"https:\/\/www.prevodovky-motory.cz\/index.php?rest_route=\/wp\/v2\/product"}],"about":[{"href":"https:\/\/www.prevodovky-motory.cz\/index.php?rest_route=\/wp\/v2\/types\/product"}],"wp:featuredmedia":[{"embeddable":true,"href":"https:\/\/www.prevodovky-motory.cz\/index.php?rest_route=\/wp\/v2\/media\/136"}],"wp:attachment":[{"href":"https:\/\/www.prevodovky-motory.cz\/index.php?rest_route=%2Fwp%2Fv2%2Fmedia&parent=135"}],"curies":[{"name":"wp","href":"https:\/\/api.w.org\/{rel}","templated":true}]}}