{"id":440,"date":"2021-01-30T17:59:07","date_gmt":"2021-01-30T17:59:07","guid":{"rendered":"http:\/\/www.prevodovky-motory.cz\/?post_type=product&#038;p=440"},"modified":"2021-02-21T19:05:58","modified_gmt":"2021-02-21T19:05:58","slug":"4-t-ester-10w-40-1l","status":"publish","type":"product","link":"https:\/\/www.prevodovky-motory.cz\/?product=4-t-ester-10w-40-1l","title":{"rendered":"RAVENOL Motobike 4-T Ester 10W-40 1L"},"content":{"rendered":"<p><span class=\"goog-text-highlight\">API SM, JASO MA<\/span><\/p>\n<p>JASO MA2 T903: 2006, MO49RAV112<\/p>\n","protected":false},"excerpt":{"rendered":"<table class=\"cart\" style=\"height: 52px;\" width=\"405\">\n<tbody>\n<tr class=\"before_variants product-variants-1\">\n<td class=\"product-variants-text-1\" width=\"35%\">Pou\u017eit\u00ed:<\/td>\n<td class=\"product-variants-value-1\" colspan=\"3\" width=\"65%\"><span class=\"fleft\">Syntetick\u00fd 4-taktn\u00ed vysoce v\u00fdkonn\u00fd<\/span><\/td>\n<\/tr>\n<tr class=\"before_variants product-variants-2\">\n<td class=\"product-variants-text-2\" width=\"35%\">Parametr 2:<\/td>\n<td class=\"product-variants-value-2\" colspan=\"3\" width=\"65%\"><span class=\"fleft\">motorov\u00fd olej nejnov\u011bj\u0161\u00ed generace.<\/span><\/td>\n<\/tr>\n<\/tbody>\n<\/table>\n","protected":false},"featured_media":441,"template":"","meta":{"spay_email":""},"_links":{"self":[{"href":"https:\/\/www.prevodovky-motory.cz\/index.php?rest_route=\/wp\/v2\/product\/440"}],"collection":[{"href":"https:\/\/www.prevodovky-motory.cz\/index.php?rest_route=\/wp\/v2\/product"}],"about":[{"href":"https:\/\/www.prevodovky-motory.cz\/index.php?rest_route=\/wp\/v2\/types\/product"}],"wp:featuredmedia":[{"embeddable":true,"href":"https:\/\/www.prevodovky-motory.cz\/index.php?rest_route=\/wp\/v2\/media\/441"}],"wp:attachment":[{"href":"https:\/\/www.prevodovky-motory.cz\/index.php?rest_route=%2Fwp%2Fv2%2Fmedia&parent=440"}],"curies":[{"name":"wp","href":"https:\/\/api.w.org\/{rel}","templated":true}]}}