{"id":469,"date":"2021-01-31T17:56:47","date_gmt":"2021-01-31T17:56:47","guid":{"rendered":"http:\/\/www.prevodovky-motory.cz\/?post_type=product&#038;p=469"},"modified":"2021-01-31T17:58:06","modified_gmt":"2021-01-31T17:58:06","slug":"ravenol-dxg-sae-5w-30-usvo-1l","status":"publish","type":"product","link":"https:\/\/www.prevodovky-motory.cz\/?product=ravenol-dxg-sae-5w-30-usvo-1l","title":{"rendered":"RAVENOL DXG SAE 5W-30 USVO\u00ae 1L"},"content":{"rendered":"<p>API SN Plus, API SN (RC), ILSAC GF-5, Licence: API SN Plus, API SN Resource Conservation, ILSAC GF-5, GM dexos1 \u2122 Gen 2 \u00a0(\u010d. D10709HK081), Ford WSS-M2C946-A, Ford WSS-M2C929-A, Chrysler MS-6395, Honda \/ Acura HTO-6, Fiat 9.55535-CR1<\/p>\n","protected":false},"excerpt":{"rendered":"<p>Pln\u011b syntetick\u00fd motorov\u00fd olej<\/p>\n","protected":false},"featured_media":470,"template":"","meta":{"spay_email":""},"_links":{"self":[{"href":"https:\/\/www.prevodovky-motory.cz\/index.php?rest_route=\/wp\/v2\/product\/469"}],"collection":[{"href":"https:\/\/www.prevodovky-motory.cz\/index.php?rest_route=\/wp\/v2\/product"}],"about":[{"href":"https:\/\/www.prevodovky-motory.cz\/index.php?rest_route=\/wp\/v2\/types\/product"}],"wp:featuredmedia":[{"embeddable":true,"href":"https:\/\/www.prevodovky-motory.cz\/index.php?rest_route=\/wp\/v2\/media\/470"}],"wp:attachment":[{"href":"https:\/\/www.prevodovky-motory.cz\/index.php?rest_route=%2Fwp%2Fv2%2Fmedia&parent=469"}],"curies":[{"name":"wp","href":"https:\/\/api.w.org\/{rel}","templated":true}]}}