{"id":471,"date":"2021-01-31T19:36:22","date_gmt":"2021-01-31T19:36:22","guid":{"rendered":"http:\/\/www.prevodovky-motory.cz\/?post_type=product&#038;p=471"},"modified":"2021-01-31T19:36:23","modified_gmt":"2021-01-31T19:36:23","slug":"ravenol-fds-sae-5w-30-usvo-5l","status":"publish","type":"product","link":"https:\/\/www.prevodovky-motory.cz\/?product=ravenol-fds-sae-5w-30-usvo-5l","title":{"rendered":"RAVENOL FDS SAE 5W-30 USVO\u00ae 5L"},"content":{"rendered":"<p>API SL, API SL \/ CF, ACEA A1 \/ B1, ACEA A5 \/ B5,\u00a0RENAULT RN0700, FORD WSS-M2C913-D, JAGUAR LAND ROVER STJLR.03.5003,\u00a0Ford WSS-M2C-913-C, Fiat 9.55535-G1<\/p>\n","protected":false},"excerpt":{"rendered":"<p>Pln\u011b syntetick\u00fd motorov\u00fd olej<\/p>\n","protected":false},"featured_media":475,"template":"","meta":{"spay_email":""},"_links":{"self":[{"href":"https:\/\/www.prevodovky-motory.cz\/index.php?rest_route=\/wp\/v2\/product\/471"}],"collection":[{"href":"https:\/\/www.prevodovky-motory.cz\/index.php?rest_route=\/wp\/v2\/product"}],"about":[{"href":"https:\/\/www.prevodovky-motory.cz\/index.php?rest_route=\/wp\/v2\/types\/product"}],"wp:featuredmedia":[{"embeddable":true,"href":"https:\/\/www.prevodovky-motory.cz\/index.php?rest_route=\/wp\/v2\/media\/475"}],"wp:attachment":[{"href":"https:\/\/www.prevodovky-motory.cz\/index.php?rest_route=%2Fwp%2Fv2%2Fmedia&parent=471"}],"curies":[{"name":"wp","href":"https:\/\/api.w.org\/{rel}","templated":true}]}}