{"id":482,"date":"2021-01-31T19:55:41","date_gmt":"2021-01-31T19:55:41","guid":{"rendered":"http:\/\/www.prevodovky-motory.cz\/?post_type=product&#038;p=482"},"modified":"2021-01-31T19:59:20","modified_gmt":"2021-01-31T19:59:20","slug":"ravenol-fel-sae-5w-30-cleansynto-5l","status":"publish","type":"product","link":"https:\/\/www.prevodovky-motory.cz\/?product=ravenol-fel-sae-5w-30-cleansynto-5l","title":{"rendered":"RAVENOL FEL SAE 5W-30 CleanSynto\u00ae 5L"},"content":{"rendered":"<p>ACEA A5\/B5, C2, API SN\/SM\/CF, JASO DL-1 (D049RAV111), Licen\u010dn\u00ed: API SM Energeticky \u00fasporn\u00fd, PSA B71 2290, Fiat 9.55535-S1, HONDA i-DTEC \/ i-CTDi, MAZDA MZR-CD \/MZ-CD\/ CiTD, Mazda 183419 \/ 183418, TOYOTA 08880-83389 \/ 08880-83388, IVECO 18-1811 CLASSE SC1, SUBARU Boxer Diesel, SUZUKI<\/p>\n","protected":false},"excerpt":{"rendered":"<table class=\"cart\" style=\"height: 73px;\" width=\"506\">\n<tbody>\n<tr class=\"before_variants product-variants-1\">\n<td class=\"product-variants-text-1\" width=\"35%\">Pou\u017eit\u00ed:<\/td>\n<td class=\"product-variants-value-1\" colspan=\"3\" width=\"65%\"><span class=\"fleft\">Pln\u011b syntetick\u00fd motorov\u00fd olej<\/span><\/td>\n<\/tr>\n<tr class=\"before_variants product-variants-2\">\n<td class=\"product-variants-text-2\" width=\"35%\">Parametr 2:<\/td>\n<td class=\"product-variants-value-2\" colspan=\"3\" width=\"65%\"><span class=\"fleft\">pro benzinov\u00e9 a naftov\u00e9 motory<\/span><\/td>\n<\/tr>\n<\/tbody>\n<\/table>\n","protected":false},"featured_media":483,"template":"","meta":{"spay_email":""},"_links":{"self":[{"href":"https:\/\/www.prevodovky-motory.cz\/index.php?rest_route=\/wp\/v2\/product\/482"}],"collection":[{"href":"https:\/\/www.prevodovky-motory.cz\/index.php?rest_route=\/wp\/v2\/product"}],"about":[{"href":"https:\/\/www.prevodovky-motory.cz\/index.php?rest_route=\/wp\/v2\/types\/product"}],"wp:featuredmedia":[{"embeddable":true,"href":"https:\/\/www.prevodovky-motory.cz\/index.php?rest_route=\/wp\/v2\/media\/483"}],"wp:attachment":[{"href":"https:\/\/www.prevodovky-motory.cz\/index.php?rest_route=%2Fwp%2Fv2%2Fmedia&parent=482"}],"curies":[{"name":"wp","href":"https:\/\/api.w.org\/{rel}","templated":true}]}}