{"id":494,"date":"2021-01-31T20:48:46","date_gmt":"2021-01-31T20:48:46","guid":{"rendered":"http:\/\/www.prevodovky-motory.cz\/?post_type=product&#038;p=494"},"modified":"2021-01-31T20:55:06","modified_gmt":"2021-01-31T20:55:06","slug":"ravenol-vsw-sae-0w-30-3","status":"publish","type":"product","link":"https:\/\/www.prevodovky-motory.cz\/?product=ravenol-vsw-sae-0w-30-3","title":{"rendered":"RAVENOL VSW SAE 0W-30"},"content":{"rendered":"<p>ACEA C3<\/p>\n<p>VW 504 00 \/ 507 00<\/p>\n<p>CHRYSLER MS-11106<\/p>\n","protected":false},"excerpt":{"rendered":"<table class=\"cart\" style=\"height: 43px;\" width=\"517\">\n<tbody>\n<tr class=\"before_variants product-variants-1\">\n<td class=\"product-variants-text-1\" width=\"35%\">Pou\u017eit\u00ed:<\/td>\n<td class=\"product-variants-value-1\" colspan=\"3\" width=\"65%\"><span class=\"fleft\">Pln\u011b syntetick\u00fd motorov\u00fd olej USVO<\/span><\/td>\n<\/tr>\n<\/tbody>\n<\/table>\n","protected":false},"featured_media":0,"template":"","meta":{"spay_email":""},"_links":{"self":[{"href":"https:\/\/www.prevodovky-motory.cz\/index.php?rest_route=\/wp\/v2\/product\/494"}],"collection":[{"href":"https:\/\/www.prevodovky-motory.cz\/index.php?rest_route=\/wp\/v2\/product"}],"about":[{"href":"https:\/\/www.prevodovky-motory.cz\/index.php?rest_route=\/wp\/v2\/types\/product"}],"wp:attachment":[{"href":"https:\/\/www.prevodovky-motory.cz\/index.php?rest_route=%2Fwp%2Fv2%2Fmedia&parent=494"}],"curies":[{"name":"wp","href":"https:\/\/api.w.org\/{rel}","templated":true}]}}