{"id":504,"date":"2021-01-31T21:18:04","date_gmt":"2021-01-31T21:18:04","guid":{"rendered":"http:\/\/www.prevodovky-motory.cz\/?post_type=product&#038;p=504"},"modified":"2021-01-31T21:19:12","modified_gmt":"2021-01-31T21:19:12","slug":"ravenol-vse-sae-0w-20-usvo-5l","status":"publish","type":"product","link":"https:\/\/www.prevodovky-motory.cz\/?product=ravenol-vse-sae-0w-20-usvo-5l","title":{"rendered":"RAVENOL VSE SAE 0W-20 USVO\u00ae 5L"},"content":{"rendered":"<p>ACEA C5,\u00a0509 00 VW,\u00a0VW 508 00,\u00a0PORSCHE C20<\/p>\n","protected":false},"excerpt":{"rendered":"<table class=\"cart\" style=\"height: 62px;\" width=\"353\">\n<tbody>\n<tr class=\"before_variants product-variants-1\">\n<td class=\"product-variants-text-1\" width=\"35%\">Pou\u017eit\u00ed:<\/td>\n<td class=\"product-variants-value-1\" colspan=\"3\" width=\"65%\"><span class=\"fleft\">Pln\u011b syntetick\u00fd motorov\u00fd olej<\/span><\/td>\n<\/tr>\n<\/tbody>\n<\/table>\n","protected":false},"featured_media":505,"template":"","meta":{"spay_email":""},"_links":{"self":[{"href":"https:\/\/www.prevodovky-motory.cz\/index.php?rest_route=\/wp\/v2\/product\/504"}],"collection":[{"href":"https:\/\/www.prevodovky-motory.cz\/index.php?rest_route=\/wp\/v2\/product"}],"about":[{"href":"https:\/\/www.prevodovky-motory.cz\/index.php?rest_route=\/wp\/v2\/types\/product"}],"wp:featuredmedia":[{"embeddable":true,"href":"https:\/\/www.prevodovky-motory.cz\/index.php?rest_route=\/wp\/v2\/media\/505"}],"wp:attachment":[{"href":"https:\/\/www.prevodovky-motory.cz\/index.php?rest_route=%2Fwp%2Fv2%2Fmedia&parent=504"}],"curies":[{"name":"wp","href":"https:\/\/api.w.org\/{rel}","templated":true}]}}