{"id":517,"date":"2021-01-31T21:51:19","date_gmt":"2021-01-31T21:51:19","guid":{"rendered":"http:\/\/www.prevodovky-motory.cz\/?post_type=product&#038;p=517"},"modified":"2021-01-31T21:54:21","modified_gmt":"2021-01-31T21:54:21","slug":"ravenol-vmp-sae-5w-30-usvo-1l","status":"publish","type":"product","link":"https:\/\/www.prevodovky-motory.cz\/?product=ravenol-vmp-sae-5w-30-usvo-1l","title":{"rendered":"RAVENOL VMP SAE 5W-30 USVO\u00ae 1L"},"content":{"rendered":"<p>ACEA C3, BMW Longlife-04, VW 504 00 \/ 507 00 (pro Evropu a severn\u00ed Ameriku), MB 229.51,Licence: API SM Energy Conserving, MB 229,31, Porsche C30 (Cayenne V6 (s v\u00fdjimkou \u010c\u00edny) a Cayenne Diesel), Fiat 9,55535-S1, Audi \/ Volkswagen G 052 195 M2, G 052 195 M4, G 052 195 M6, BMW 83 21 0 398\u00a0507, BMW \/ Mini 83 21 0 398 508, Mercedes Benz 000 989 89 01 10, Chrysler MS-11116<\/p>\n","protected":false},"excerpt":{"rendered":"<table class=\"cart\" style=\"height: 29px;\" width=\"341\">\n<tbody>\n<tr class=\"before_variants product-variants-1\">\n<td class=\"product-variants-text-1\" width=\"35%\">Pou\u017eit\u00ed:<\/td>\n<td class=\"product-variants-value-1\" colspan=\"3\" width=\"65%\"><span class=\"fleft\">Pln\u011b syntetick\u00fd motorov\u00fd olej<\/span><\/td>\n<\/tr>\n<\/tbody>\n<\/table>\n","protected":false},"featured_media":518,"template":"","meta":{"spay_email":""},"_links":{"self":[{"href":"https:\/\/www.prevodovky-motory.cz\/index.php?rest_route=\/wp\/v2\/product\/517"}],"collection":[{"href":"https:\/\/www.prevodovky-motory.cz\/index.php?rest_route=\/wp\/v2\/product"}],"about":[{"href":"https:\/\/www.prevodovky-motory.cz\/index.php?rest_route=\/wp\/v2\/types\/product"}],"wp:featuredmedia":[{"embeddable":true,"href":"https:\/\/www.prevodovky-motory.cz\/index.php?rest_route=\/wp\/v2\/media\/518"}],"wp:attachment":[{"href":"https:\/\/www.prevodovky-motory.cz\/index.php?rest_route=%2Fwp%2Fv2%2Fmedia&parent=517"}],"curies":[{"name":"wp","href":"https:\/\/api.w.org\/{rel}","templated":true}]}}