{"id":536,"date":"2021-01-31T22:40:30","date_gmt":"2021-01-31T22:40:30","guid":{"rendered":"http:\/\/www.prevodovky-motory.cz\/?post_type=product&#038;p=536"},"modified":"2021-01-31T22:40:30","modified_gmt":"2021-01-31T22:40:30","slug":"ravenol-turbo-vst-sae-5w-40-usvo-1l","status":"publish","type":"product","link":"https:\/\/www.prevodovky-motory.cz\/?product=ravenol-turbo-vst-sae-5w-40-usvo-1l","title":{"rendered":"RAVENOL Turbo VST SAE 5W-40 USVO\u00ae 1L"},"content":{"rendered":"<p>API SN \/ CF, ACEA A3 \/ B4,\u00a0MB 229.5, Porsche A40, VW 502 00\/505 00, BMW Longlife-01, Renault RN0700, Renault RN0710, MB 229.3, MB 226.5, Opel GM-LL-B-025, Fiat 9.55535-Z2, Chrysler MS-12991 (nahrazuje odkazy na MS-10896), MS-10850, MS-10725 (Fiat 9.55535-GH2 a Fiat 9.55535-Z2), PSA B71 2296<\/p>\n","protected":false},"excerpt":{"rendered":"<table class=\"cart\" style=\"height: 44px;\" width=\"477\">\n<tbody>\n<tr class=\"before_variants product-variants-1\">\n<td class=\"product-variants-text-1\" width=\"35%\">Pou\u017eit\u00ed:<\/td>\n<td class=\"product-variants-value-1\" colspan=\"3\" width=\"65%\"><span class=\"fleft\">Pln\u011b syntetick\u00fd motorov\u00fd olej<\/span><\/td>\n<\/tr>\n<\/tbody>\n<\/table>\n","protected":false},"featured_media":537,"template":"","meta":{"spay_email":""},"_links":{"self":[{"href":"https:\/\/www.prevodovky-motory.cz\/index.php?rest_route=\/wp\/v2\/product\/536"}],"collection":[{"href":"https:\/\/www.prevodovky-motory.cz\/index.php?rest_route=\/wp\/v2\/product"}],"about":[{"href":"https:\/\/www.prevodovky-motory.cz\/index.php?rest_route=\/wp\/v2\/types\/product"}],"wp:featuredmedia":[{"embeddable":true,"href":"https:\/\/www.prevodovky-motory.cz\/index.php?rest_route=\/wp\/v2\/media\/537"}],"wp:attachment":[{"href":"https:\/\/www.prevodovky-motory.cz\/index.php?rest_route=%2Fwp%2Fv2%2Fmedia&parent=536"}],"curies":[{"name":"wp","href":"https:\/\/api.w.org\/{rel}","templated":true}]}}