{"id":556,"date":"2021-01-31T23:07:52","date_gmt":"2021-01-31T23:07:52","guid":{"rendered":"http:\/\/www.prevodovky-motory.cz\/?post_type=product&#038;p=556"},"modified":"2021-01-31T23:07:52","modified_gmt":"2021-01-31T23:07:52","slug":"ravenol-ssv-sae-0w-30-usvo-1l","status":"publish","type":"product","link":"https:\/\/www.prevodovky-motory.cz\/?product=ravenol-ssv-sae-0w-30-usvo-1l","title":{"rendered":"RAVENOL SSV SAE 0W-30 USVO\u00ae 1L"},"content":{"rendered":"<p>API SL,\u00a0ACEA A5\/B5,\u00a0VOLVO VCC 95200377 (SERVISN\u00cd N\u00c1PL\u0147),\u00a0MB 229,6<\/p>\n","protected":false},"excerpt":{"rendered":"<table class=\"cart\" style=\"height: 49px;\" width=\"327\">\n<tbody>\n<tr class=\"before_variants product-variants-1\">\n<td class=\"product-variants-text-1\" width=\"35%\">Pou\u017eit\u00ed:<\/td>\n<td class=\"product-variants-value-1\" colspan=\"3\" width=\"65%\"><span class=\"fleft\">Pln\u011b syntetick\u00fd motorov\u00fd olej<\/span><\/td>\n<\/tr>\n<\/tbody>\n<\/table>\n","protected":false},"featured_media":557,"template":"","meta":{"spay_email":""},"_links":{"self":[{"href":"https:\/\/www.prevodovky-motory.cz\/index.php?rest_route=\/wp\/v2\/product\/556"}],"collection":[{"href":"https:\/\/www.prevodovky-motory.cz\/index.php?rest_route=\/wp\/v2\/product"}],"about":[{"href":"https:\/\/www.prevodovky-motory.cz\/index.php?rest_route=\/wp\/v2\/types\/product"}],"wp:featuredmedia":[{"embeddable":true,"href":"https:\/\/www.prevodovky-motory.cz\/index.php?rest_route=\/wp\/v2\/media\/557"}],"wp:attachment":[{"href":"https:\/\/www.prevodovky-motory.cz\/index.php?rest_route=%2Fwp%2Fv2%2Fmedia&parent=556"}],"curies":[{"name":"wp","href":"https:\/\/api.w.org\/{rel}","templated":true}]}}