{"id":587,"date":"2021-02-08T18:56:08","date_gmt":"2021-02-08T18:56:08","guid":{"rendered":"http:\/\/www.prevodovky-motory.cz\/?post_type=product&#038;p=587"},"modified":"2021-02-08T18:56:08","modified_gmt":"2021-02-08T18:56:08","slug":"ravenol-llo-sae-10w-40-1l","status":"publish","type":"product","link":"https:\/\/www.prevodovky-motory.cz\/?product=ravenol-llo-sae-10w-40-1l","title":{"rendered":"RAVENOL LLO SAE 10W-40 1L"},"content":{"rendered":"<p>API SN,\u00a0ACEA A3\/B4,\u00a0MB-FREIGABE 229.1,\u00a0VW 501 01\/505 00, VW 500 00\/ 505 00, BMW SPECIAL OIL<\/p>\n","protected":false},"excerpt":{"rendered":"<table class=\"cart\" style=\"height: 33px;\" width=\"529\">\n<tbody>\n<tr class=\"before_variants product-variants-1\">\n<td class=\"product-variants-text-1\" width=\"35%\">Pou\u017eit\u00ed:<\/td>\n<td class=\"product-variants-value-1\" colspan=\"3\" width=\"65%\"><span class=\"fleft\">Polosyntetick\u00fd vysoce kvalitn\u00ed motorov\u00fd olej<\/span><\/td>\n<\/tr>\n<\/tbody>\n<\/table>\n","protected":false},"featured_media":588,"template":"","meta":{"spay_email":""},"_links":{"self":[{"href":"https:\/\/www.prevodovky-motory.cz\/index.php?rest_route=\/wp\/v2\/product\/587"}],"collection":[{"href":"https:\/\/www.prevodovky-motory.cz\/index.php?rest_route=\/wp\/v2\/product"}],"about":[{"href":"https:\/\/www.prevodovky-motory.cz\/index.php?rest_route=\/wp\/v2\/types\/product"}],"wp:featuredmedia":[{"embeddable":true,"href":"https:\/\/www.prevodovky-motory.cz\/index.php?rest_route=\/wp\/v2\/media\/588"}],"wp:attachment":[{"href":"https:\/\/www.prevodovky-motory.cz\/index.php?rest_route=%2Fwp%2Fv2%2Fmedia&parent=587"}],"curies":[{"name":"wp","href":"https:\/\/api.w.org\/{rel}","templated":true}]}}