{"id":596,"date":"2021-02-08T19:33:42","date_gmt":"2021-02-08T19:33:42","guid":{"rendered":"http:\/\/www.prevodovky-motory.cz\/?post_type=product&#038;p=596"},"modified":"2021-02-08T19:33:42","modified_gmt":"2021-02-08T19:33:42","slug":"ravenol-hls-sae-5w-30-cleansynto-5l","status":"publish","type":"product","link":"https:\/\/www.prevodovky-motory.cz\/?product=ravenol-hls-sae-5w-30-cleansynto-5l","title":{"rendered":"RAVENOL HLS SAE 5W-30 CleanSynto\u00ae 5L"},"content":{"rendered":"<p>API SN\/SM(EC)\/SL\/CF, ACEA C3,\u00a0MB-Freigabe 229.51\/ MB 229.52, BMW Longlife-04, GM dexos2 (Licence No. GB2C0711081), GMW 16177, \u00a0API SM Energy Conserving, API SL, MB 229,31, VW 502 00\/505 00\/505 01, Fiat 9,55535-S3, Chrysler MS-11116<\/p>\n","protected":false},"excerpt":{"rendered":"<table class=\"cart\" style=\"height: 10px;\" width=\"401\">\n<tbody>\n<tr class=\"before_variants product-variants-1\">\n<td class=\"product-variants-text-1\" width=\"35%\">Pou\u017eit\u00ed:<\/td>\n<td class=\"product-variants-value-1\" colspan=\"3\" width=\"65%\"><span class=\"fleft\">Pln\u011b syntetick\u00fd motorov\u00fd olej pro benzinov\u00e9 a naftov\u00e9 motory<\/span><\/td>\n<\/tr>\n<\/tbody>\n<\/table>\n","protected":false},"featured_media":597,"template":"","meta":{"spay_email":""},"_links":{"self":[{"href":"https:\/\/www.prevodovky-motory.cz\/index.php?rest_route=\/wp\/v2\/product\/596"}],"collection":[{"href":"https:\/\/www.prevodovky-motory.cz\/index.php?rest_route=\/wp\/v2\/product"}],"about":[{"href":"https:\/\/www.prevodovky-motory.cz\/index.php?rest_route=\/wp\/v2\/types\/product"}],"wp:featuredmedia":[{"embeddable":true,"href":"https:\/\/www.prevodovky-motory.cz\/index.php?rest_route=\/wp\/v2\/media\/597"}],"wp:attachment":[{"href":"https:\/\/www.prevodovky-motory.cz\/index.php?rest_route=%2Fwp%2Fv2%2Fmedia&parent=596"}],"curies":[{"name":"wp","href":"https:\/\/api.w.org\/{rel}","templated":true}]}}