{"id":624,"date":"2021-02-08T21:27:42","date_gmt":"2021-02-08T21:27:42","guid":{"rendered":"http:\/\/www.prevodovky-motory.cz\/?post_type=product&#038;p=624"},"modified":"2021-02-08T21:27:42","modified_gmt":"2021-02-08T21:27:42","slug":"ravenol-fo-sae-5w-30-cleansynto-1l","status":"publish","type":"product","link":"https:\/\/www.prevodovky-motory.cz\/?product=ravenol-fo-sae-5w-30-cleansynto-1l","title":{"rendered":"RAVENOL FO SAE 5W-30 CleanSynto\u00ae 1L"},"content":{"rendered":"<p>API SN (RC), ILSAC GF-5, ACEA A5 \/ B5, Licencovan\u00fd: API SN Resource Conservation, ILSAC GF-5,\u00a0Ford WSS M2C913-B, Ford WSS M2C913-A, Ford WSS M2C913-C, Ford WSS M2C913-D, Jaguar Land Rover STJLR.03.5003, MAZDA, NISSAN<\/p>\n","protected":false},"excerpt":{"rendered":"<table class=\"cart\" style=\"height: 36px;\" width=\"341\">\n<tbody>\n<tr class=\"before_variants product-variants-1\">\n<td class=\"product-variants-text-1\" width=\"35%\">Pou\u017eit\u00ed:<\/td>\n<td class=\"product-variants-value-1\" colspan=\"3\" width=\"65%\"><span class=\"fleft\">Pln\u011b syntetick\u00fd motorov\u00fd olej<\/span><\/td>\n<\/tr>\n<\/tbody>\n<\/table>\n","protected":false},"featured_media":625,"template":"","meta":{"spay_email":""},"_links":{"self":[{"href":"https:\/\/www.prevodovky-motory.cz\/index.php?rest_route=\/wp\/v2\/product\/624"}],"collection":[{"href":"https:\/\/www.prevodovky-motory.cz\/index.php?rest_route=\/wp\/v2\/product"}],"about":[{"href":"https:\/\/www.prevodovky-motory.cz\/index.php?rest_route=\/wp\/v2\/types\/product"}],"wp:featuredmedia":[{"embeddable":true,"href":"https:\/\/www.prevodovky-motory.cz\/index.php?rest_route=\/wp\/v2\/media\/625"}],"wp:attachment":[{"href":"https:\/\/www.prevodovky-motory.cz\/index.php?rest_route=%2Fwp%2Fv2%2Fmedia&parent=624"}],"curies":[{"name":"wp","href":"https:\/\/api.w.org\/{rel}","templated":true}]}}