{"id":632,"date":"2021-02-08T22:04:05","date_gmt":"2021-02-08T22:04:05","guid":{"rendered":"http:\/\/www.prevodovky-motory.cz\/?post_type=product&#038;p=632"},"modified":"2021-02-08T22:04:05","modified_gmt":"2021-02-08T22:04:05","slug":"ravenol-fes-sae-0w-30-usvo-1l","status":"publish","type":"product","link":"https:\/\/www.prevodovky-motory.cz\/?product=ravenol-fes-sae-0w-30-usvo-1l","title":{"rendered":"RAVENOL FES SAE 0W-30 USVO\u00ae 1L"},"content":{"rendered":"<p>ACEA A5\/B5, C2, API SN\/SM\/CF,\u00a0JASO DL-1 (D049RAV111), Licen\u010dn\u00ed: API SM Energeticky \u00fasporn\u00fd,\u00a0PSA B71 2290, Fiat 9.55535-S1, HONDA i-DTEC \/ i-CTDi, MAZDA MZR-CD \/MZ-CD\/ CiTD, Mazda 183419 \/ 183418, TOYOTA 08880-83389 \/ 08880-83388, IVECO 18-1811 CLASSE SC1, SUBARU Boxer Diesel, SUZUKI<\/p>\n","protected":false},"excerpt":{"rendered":"<table class=\"cart\" style=\"height: 30px;\" width=\"359\">\n<tbody>\n<tr class=\"before_variants product-variants-1\">\n<td class=\"product-variants-text-1\" width=\"35%\">Pou\u017eit\u00ed:<\/td>\n<td class=\"product-variants-value-1\" colspan=\"3\" width=\"65%\"><span class=\"fleft\">Pln\u011b syntetick\u00fd Mid SAPS motorov\u00fd olej<\/span><\/td>\n<\/tr>\n<\/tbody>\n<\/table>\n","protected":false},"featured_media":633,"template":"","meta":{"spay_email":""},"_links":{"self":[{"href":"https:\/\/www.prevodovky-motory.cz\/index.php?rest_route=\/wp\/v2\/product\/632"}],"collection":[{"href":"https:\/\/www.prevodovky-motory.cz\/index.php?rest_route=\/wp\/v2\/product"}],"about":[{"href":"https:\/\/www.prevodovky-motory.cz\/index.php?rest_route=\/wp\/v2\/types\/product"}],"wp:featuredmedia":[{"embeddable":true,"href":"https:\/\/www.prevodovky-motory.cz\/index.php?rest_route=\/wp\/v2\/media\/633"}],"wp:attachment":[{"href":"https:\/\/www.prevodovky-motory.cz\/index.php?rest_route=%2Fwp%2Fv2%2Fmedia&parent=632"}],"curies":[{"name":"wp","href":"https:\/\/api.w.org\/{rel}","templated":true}]}}