{"id":640,"date":"2021-02-08T22:46:30","date_gmt":"2021-02-08T22:46:30","guid":{"rendered":"http:\/\/www.prevodovky-motory.cz\/?post_type=product&#038;p=640"},"modified":"2021-02-08T22:46:30","modified_gmt":"2021-02-08T22:46:30","slug":"ravenol-ecs-sae-0w-20-usvo-5l-2","status":"publish","type":"product","link":"https:\/\/www.prevodovky-motory.cz\/?product=ravenol-ecs-sae-0w-20-usvo-5l-2","title":{"rendered":"RAVENOL ECS SAE 0W-20 USVO\u00ae 5L"},"content":{"rendered":"<p>API SN (RC), ILSAC GF-5, ACEA C5, Licence: API SN Resource Conserving, ILSAC GF-5, MB 229.71, Jaguar Land Rover STJLR.51.5122,\u00a0\u00a0Ford WSS-M2C947-A, GM dexos1\u00ae (prvn\u00ed generace), GM 6094 M, Chrysler MS-6395, Mitsubishi, Mazda, Suzuki, Toyota, Honda \/ Acura HTO 6, Subaru, Nissan, Lexus, Infiniti, Cadillac, Chevrolet, Buick<\/p>\n","protected":false},"excerpt":{"rendered":"<table class=\"cart\" style=\"height: 64px;\" width=\"368\">\n<tbody>\n<tr class=\"before_variants product-variants-1\">\n<td class=\"product-variants-text-1\" width=\"35%\">Pou\u017eit\u00ed:<\/td>\n<td class=\"product-variants-value-1\" colspan=\"3\" width=\"65%\"><span class=\"fleft\">Pln\u011b syntetick\u00fd motorov\u00fd olej<\/span><\/td>\n<\/tr>\n<tr class=\"before_variants product-variants-2\">\n<td class=\"product-variants-text-2\" width=\"35%\">Parametr 2:<\/td>\n<td class=\"product-variants-value-2\" colspan=\"3\" width=\"65%\"><span class=\"fleft\">pro benzinov\u00e9 a naftov\u00e9 motory<\/span><\/td>\n<\/tr>\n<\/tbody>\n<\/table>\n","protected":false},"featured_media":641,"template":"","meta":{"spay_email":""},"_links":{"self":[{"href":"https:\/\/www.prevodovky-motory.cz\/index.php?rest_route=\/wp\/v2\/product\/640"}],"collection":[{"href":"https:\/\/www.prevodovky-motory.cz\/index.php?rest_route=\/wp\/v2\/product"}],"about":[{"href":"https:\/\/www.prevodovky-motory.cz\/index.php?rest_route=\/wp\/v2\/types\/product"}],"wp:featuredmedia":[{"embeddable":true,"href":"https:\/\/www.prevodovky-motory.cz\/index.php?rest_route=\/wp\/v2\/media\/641"}],"wp:attachment":[{"href":"https:\/\/www.prevodovky-motory.cz\/index.php?rest_route=%2Fwp%2Fv2%2Fmedia&parent=640"}],"curies":[{"name":"wp","href":"https:\/\/api.w.org\/{rel}","templated":true}]}}