{"id":644,"date":"2021-02-08T22:56:42","date_gmt":"2021-02-08T22:56:42","guid":{"rendered":"http:\/\/www.prevodovky-motory.cz\/?post_type=product&#038;p=644"},"modified":"2021-02-08T22:56:42","modified_gmt":"2021-02-08T22:56:42","slug":"ravenol-dxg-sae-5w-30-usvo-5l","status":"publish","type":"product","link":"https:\/\/www.prevodovky-motory.cz\/?product=ravenol-dxg-sae-5w-30-usvo-5l","title":{"rendered":"RAVENOL DXG SAE 5W-30 USVO\u00ae 5L"},"content":{"rendered":"<p>API SN Plus, API SN (RC), ILSAC GF-5, Licence: API SN Plus, API SN Resource Conservation, ILSAC GF-5,\u00a0GM dexos1 \u2122 Gen 2 \u00a0(\u010d. D10709HK081),\u00a0Ford WSS-M2C946-A, Ford WSS-M2C929-A, Chrysler MS-6395, Honda \/ Acura HTO-6, Fiat 9.55535-CR1<\/p>\n","protected":false},"excerpt":{"rendered":"<table class=\"cart\" style=\"height: 53px;\" width=\"351\">\n<tbody>\n<tr class=\"before_variants product-variants-1\">\n<td class=\"product-variants-text-1\" width=\"35%\">Pou\u017eit\u00ed:<\/td>\n<td class=\"product-variants-value-1\" colspan=\"3\" width=\"65%\"><span class=\"fleft\">Pln\u011b syntetick\u00fd motorov\u00fd olej<\/span><\/td>\n<\/tr>\n<\/tbody>\n<\/table>\n","protected":false},"featured_media":645,"template":"","meta":{"spay_email":""},"_links":{"self":[{"href":"https:\/\/www.prevodovky-motory.cz\/index.php?rest_route=\/wp\/v2\/product\/644"}],"collection":[{"href":"https:\/\/www.prevodovky-motory.cz\/index.php?rest_route=\/wp\/v2\/product"}],"about":[{"href":"https:\/\/www.prevodovky-motory.cz\/index.php?rest_route=\/wp\/v2\/types\/product"}],"wp:featuredmedia":[{"embeddable":true,"href":"https:\/\/www.prevodovky-motory.cz\/index.php?rest_route=\/wp\/v2\/media\/645"}],"wp:attachment":[{"href":"https:\/\/www.prevodovky-motory.cz\/index.php?rest_route=%2Fwp%2Fv2%2Fmedia&parent=644"}],"curies":[{"name":"wp","href":"https:\/\/api.w.org\/{rel}","templated":true}]}}