{"id":678,"date":"2021-02-21T22:20:40","date_gmt":"2021-02-21T22:20:40","guid":{"rendered":"http:\/\/www.prevodovky-motory.cz\/?post_type=product&#038;p=678"},"modified":"2021-02-21T22:20:40","modified_gmt":"2021-02-21T22:20:40","slug":"ravenol-epx-sae-80-gl-5-1l","status":"publish","type":"product","link":"https:\/\/www.prevodovky-motory.cz\/?product=ravenol-epx-sae-80-gl-5-1l","title":{"rendered":"RAVENOL EPX SAE 80 GL-5 1L"},"content":{"rendered":"<p>API GL-5,\u00a0MIL-L-2105 D, ZF TE-ML 05A, ZF TE-ML 07A, ZF TE-ML 17B, MAN 342 typ M1, ZF TE-ML 16B, ZF TE-ML 16C, ZF TE-ML 16D, Ford SQM -2C-9002AA, MB 235,0<\/p>\n","protected":false},"excerpt":{"rendered":"<table class=\"cart\" width=\"100%\">\n<tbody>\n<tr class=\"before_variants product-variants-1\">\n<td class=\"product-variants-text-1\" width=\"35%\">Pou\u017eit\u00ed:<\/td>\n<td class=\"product-variants-value-1\" colspan=\"3\" width=\"65%\"><span class=\"fleft\">Miner\u00e1ln\u00ed hypoidn\u00ed p\u0159evodov\u00fd olej<\/span><\/td>\n<\/tr>\n<\/tbody>\n<\/table>\n","protected":false},"featured_media":679,"template":"","meta":{"spay_email":""},"_links":{"self":[{"href":"https:\/\/www.prevodovky-motory.cz\/index.php?rest_route=\/wp\/v2\/product\/678"}],"collection":[{"href":"https:\/\/www.prevodovky-motory.cz\/index.php?rest_route=\/wp\/v2\/product"}],"about":[{"href":"https:\/\/www.prevodovky-motory.cz\/index.php?rest_route=\/wp\/v2\/types\/product"}],"wp:featuredmedia":[{"embeddable":true,"href":"https:\/\/www.prevodovky-motory.cz\/index.php?rest_route=\/wp\/v2\/media\/679"}],"wp:attachment":[{"href":"https:\/\/www.prevodovky-motory.cz\/index.php?rest_route=%2Fwp%2Fv2%2Fmedia&parent=678"}],"curies":[{"name":"wp","href":"https:\/\/api.w.org\/{rel}","templated":true}]}}