{"id":684,"date":"2021-02-21T22:37:35","date_gmt":"2021-02-21T22:37:35","guid":{"rendered":"http:\/\/www.prevodovky-motory.cz\/?post_type=product&#038;p=684"},"modified":"2021-02-21T22:40:40","modified_gmt":"2021-02-21T22:40:40","slug":"ravenol-mtf-3-sae-75w-1l","status":"publish","type":"product","link":"https:\/\/www.prevodovky-motory.cz\/?product=ravenol-mtf-3-sae-75w-1l","title":{"rendered":"RAVENOL MTF-3 SAE 75W 1L"},"content":{"rendered":"<p>BMW 2300 7533 818 MTF LT-3 83 22 0 396 706 83 22 7 533 818 MTF LT-3, MTF JWS2271, PSA standardn\u00ed 9730A8, TOYOTA 08885 &#8211; 81001 08885 a\u017e 81081, 1161839 VOLVO 1161838, VW \/ AUDI G 060 726 A2, G 052 171 A2, G 052 512 A2, VW G 070 726 A2, FORD WSS M2C200-D2<\/p>\n","protected":false},"excerpt":{"rendered":"<table class=\"cart\" style=\"height: 32px;\" width=\"476\">\n<tbody>\n<tr class=\"before_variants product-variants-1\">\n<td class=\"product-variants-text-1\" width=\"35%\">Pou\u017eit\u00ed:<\/td>\n<td class=\"product-variants-value-1\" colspan=\"3\" width=\"65%\"><span class=\"fleft\">Pln\u011b syntetick\u00fd p\u0159evodov\u00fd olej<\/span><\/td>\n<\/tr>\n<\/tbody>\n<\/table>\n","protected":false},"featured_media":685,"template":"","meta":{"spay_email":""},"_links":{"self":[{"href":"https:\/\/www.prevodovky-motory.cz\/index.php?rest_route=\/wp\/v2\/product\/684"}],"collection":[{"href":"https:\/\/www.prevodovky-motory.cz\/index.php?rest_route=\/wp\/v2\/product"}],"about":[{"href":"https:\/\/www.prevodovky-motory.cz\/index.php?rest_route=\/wp\/v2\/types\/product"}],"wp:featuredmedia":[{"embeddable":true,"href":"https:\/\/www.prevodovky-motory.cz\/index.php?rest_route=\/wp\/v2\/media\/685"}],"wp:attachment":[{"href":"https:\/\/www.prevodovky-motory.cz\/index.php?rest_route=%2Fwp%2Fv2%2Fmedia&parent=684"}],"curies":[{"name":"wp","href":"https:\/\/api.w.org\/{rel}","templated":true}]}}