{"id":686,"date":"2021-02-21T22:49:09","date_gmt":"2021-02-21T22:49:09","guid":{"rendered":"http:\/\/www.prevodovky-motory.cz\/?post_type=product&#038;p=686"},"modified":"2021-02-21T22:50:45","modified_gmt":"2021-02-21T22:50:45","slug":"ravenol-ls-sae-75w-90-1l","status":"publish","type":"product","link":"https:\/\/www.prevodovky-motory.cz\/?product=ravenol-ls-sae-75w-90-1l","title":{"rendered":"RAVENOL LS SAE 75W-90 1L"},"content":{"rendered":"<p>API GL-5,\u00a0MIL-L-2105D, ZF TE-ML 05C \/ D<\/p>\n","protected":false},"excerpt":{"rendered":"<table class=\"cart\" style=\"height: 36px;\" width=\"662\">\n<tbody>\n<tr class=\"before_variants product-variants-1\">\n<td class=\"product-variants-text-1\" width=\"35%\">Pou\u017eit\u00ed:<\/td>\n<td class=\"product-variants-value-1\" colspan=\"3\" width=\"65%\"><span class=\"fleft\">Syntetick\u00fd p\u0159evodov\u00fd olej speci\u00e1ln\u011b navr\u017een pro pou\u017eit\u00ed v diferenci\u00e1lech s omezen\u00fdm prokluzem (Limited Slip).<\/span><\/td>\n<\/tr>\n<\/tbody>\n<\/table>\n","protected":false},"featured_media":687,"template":"","meta":{"spay_email":""},"_links":{"self":[{"href":"https:\/\/www.prevodovky-motory.cz\/index.php?rest_route=\/wp\/v2\/product\/686"}],"collection":[{"href":"https:\/\/www.prevodovky-motory.cz\/index.php?rest_route=\/wp\/v2\/product"}],"about":[{"href":"https:\/\/www.prevodovky-motory.cz\/index.php?rest_route=\/wp\/v2\/types\/product"}],"wp:featuredmedia":[{"embeddable":true,"href":"https:\/\/www.prevodovky-motory.cz\/index.php?rest_route=\/wp\/v2\/media\/687"}],"wp:attachment":[{"href":"https:\/\/www.prevodovky-motory.cz\/index.php?rest_route=%2Fwp%2Fv2%2Fmedia&parent=686"}],"curies":[{"name":"wp","href":"https:\/\/api.w.org\/{rel}","templated":true}]}}