{"id":690,"date":"2021-02-21T23:01:14","date_gmt":"2021-02-21T23:01:14","guid":{"rendered":"http:\/\/www.prevodovky-motory.cz\/?post_type=product&#038;p=690"},"modified":"2021-02-21T23:01:14","modified_gmt":"2021-02-21T23:01:14","slug":"ravenol-tsg-sae-75w-90-gl-4-4l","status":"publish","type":"product","link":"https:\/\/www.prevodovky-motory.cz\/?product=ravenol-tsg-sae-75w-90-gl-4-4l","title":{"rendered":"RAVENOL TSG SAE 75W-90 GL-4 4L"},"content":{"rendered":"<p>API GL-4,\u00a0PSA Standardn\u00ed B 71 2315, VW 501 50, Ford M2C-175, GM Opel B 040 104 3<\/p>\n","protected":false},"excerpt":{"rendered":"<table class=\"cart\" style=\"height: 38px;\" width=\"387\">\n<tbody>\n<tr class=\"before_variants product-variants-1\">\n<td class=\"product-variants-text-1\" width=\"35%\">Pou\u017eit\u00ed:<\/td>\n<td class=\"product-variants-value-1\" colspan=\"3\" width=\"65%\"><span class=\"fleft\">Syntetick\u00fd p\u0159evodov\u00fd olej<\/span><\/td>\n<\/tr>\n<\/tbody>\n<\/table>\n","protected":false},"featured_media":691,"template":"","meta":{"spay_email":""},"_links":{"self":[{"href":"https:\/\/www.prevodovky-motory.cz\/index.php?rest_route=\/wp\/v2\/product\/690"}],"collection":[{"href":"https:\/\/www.prevodovky-motory.cz\/index.php?rest_route=\/wp\/v2\/product"}],"about":[{"href":"https:\/\/www.prevodovky-motory.cz\/index.php?rest_route=\/wp\/v2\/types\/product"}],"wp:featuredmedia":[{"embeddable":true,"href":"https:\/\/www.prevodovky-motory.cz\/index.php?rest_route=\/wp\/v2\/media\/691"}],"wp:attachment":[{"href":"https:\/\/www.prevodovky-motory.cz\/index.php?rest_route=%2Fwp%2Fv2%2Fmedia&parent=690"}],"curies":[{"name":"wp","href":"https:\/\/api.w.org\/{rel}","templated":true}]}}