{"id":708,"date":"2021-02-22T00:15:52","date_gmt":"2021-02-22T00:15:52","guid":{"rendered":"http:\/\/www.prevodovky-motory.cz\/?post_type=product&#038;p=708"},"modified":"2021-02-22T00:15:52","modified_gmt":"2021-02-22T00:15:52","slug":"ravenol-ls-sae-90-gl-5-1l","status":"publish","type":"product","link":"https:\/\/www.prevodovky-motory.cz\/?product=ravenol-ls-sae-90-gl-5-1l","title":{"rendered":"RAVENOL LS SAE 90 GL-5 1L"},"content":{"rendered":"<p>API GL-5, MIL-L-2105 D,\u00a0ZF TE-ML 05C, ZF TE-ML 12C, ZF TE-ML 16E, ZF TE-ML 21C, FORD<\/p>\n","protected":false},"excerpt":{"rendered":"<table class=\"cart\" width=\"100%\">\n<tbody>\n<tr class=\"before_variants product-variants-1\">\n<td class=\"product-variants-text-1\" width=\"35%\">Pou\u017eit\u00ed:<\/td>\n<td class=\"product-variants-value-1\" colspan=\"3\" width=\"65%\"><span class=\"fleft\">Miner\u00e1ln\u00ed p\u0159evodov\u00fd olej speci\u00e1ln\u011b navr\u017een pro pou\u017eit\u00ed v diferenci\u00e1lech s omezen\u00fdm prokluzem (Limited Slip).<\/span><\/td>\n<\/tr>\n<\/tbody>\n<\/table>\n","protected":false},"featured_media":709,"template":"","meta":{"spay_email":""},"_links":{"self":[{"href":"https:\/\/www.prevodovky-motory.cz\/index.php?rest_route=\/wp\/v2\/product\/708"}],"collection":[{"href":"https:\/\/www.prevodovky-motory.cz\/index.php?rest_route=\/wp\/v2\/product"}],"about":[{"href":"https:\/\/www.prevodovky-motory.cz\/index.php?rest_route=\/wp\/v2\/types\/product"}],"wp:featuredmedia":[{"embeddable":true,"href":"https:\/\/www.prevodovky-motory.cz\/index.php?rest_route=\/wp\/v2\/media\/709"}],"wp:attachment":[{"href":"https:\/\/www.prevodovky-motory.cz\/index.php?rest_route=%2Fwp%2Fv2%2Fmedia&parent=708"}],"curies":[{"name":"wp","href":"https:\/\/api.w.org\/{rel}","templated":true}]}}