{"id":98,"date":"2019-08-02T17:21:29","date_gmt":"2019-08-02T17:21:29","guid":{"rendered":"http:\/\/www.prevodovky-motory.cz\/?post_type=product&#038;p=98"},"modified":"2019-08-02T18:25:54","modified_gmt":"2019-08-02T18:25:54","slug":"prevodovka-iveco-daily-3-0-hpi-6-rychlostni","status":"publish","type":"product","link":"https:\/\/www.prevodovky-motory.cz\/?product=prevodovka-iveco-daily-3-0-hpi-6-rychlostni","title":{"rendered":"IVECO DAILY 3.0 HPI 6 rychlostn\u00ed"},"content":{"rendered":"<p>IVECO DAILY 3.0 HPI 6 rychlostn\u00ed 110kW<br \/>\nprodej formou v\u00fdm\u011bny<br \/>\nZ\u00e1ruka 12 m\u011bs\u00edc\u016f<\/p>\n","protected":false},"excerpt":{"rendered":"<p>IVECO DAILY 3.0 HPI 6 rychlostn\u00ed 110kW prodej formou v\u00fdm\u011bny Z\u00e1ruka 12 m\u011bs\u00edc\u016f<\/p>\n","protected":false},"featured_media":99,"template":"","meta":{"spay_email":""},"_links":{"self":[{"href":"https:\/\/www.prevodovky-motory.cz\/index.php?rest_route=\/wp\/v2\/product\/98"}],"collection":[{"href":"https:\/\/www.prevodovky-motory.cz\/index.php?rest_route=\/wp\/v2\/product"}],"about":[{"href":"https:\/\/www.prevodovky-motory.cz\/index.php?rest_route=\/wp\/v2\/types\/product"}],"wp:featuredmedia":[{"embeddable":true,"href":"https:\/\/www.prevodovky-motory.cz\/index.php?rest_route=\/wp\/v2\/media\/99"}],"wp:attachment":[{"href":"https:\/\/www.prevodovky-motory.cz\/index.php?rest_route=%2Fwp%2Fv2%2Fmedia&parent=98"}],"curies":[{"name":"wp","href":"https:\/\/api.w.org\/{rel}","templated":true}]}}